{"id":2591,"date":"2022-07-26T16:16:03","date_gmt":"2022-07-26T08:16:03","guid":{"rendered":"https:\/\/cisjmacau.com\/?page_id=2591"},"modified":"2024-01-18T11:03:15","modified_gmt":"2024-01-18T03:03:15","slug":"%e8%a1%a8%e6%8f%9a%e6%88%96%e6%8a%95%e8%a8%b4","status":"publish","type":"page","link":"https:\/\/cisjmacau.com\/zh-hant\/%e6%89%98%e5%85%92%e6%89%80\/%e8%a1%a8%e6%8f%9a%e6%88%96%e6%8a%95%e8%a8%b4\/","title":{"rendered":"\u8868\u63da\u6216\u6295\u8a34"},"content":{"rendered":"\t\t<div data-elementor-type=\"wp-page\" data-elementor-id=\"2591\" class=\"elementor elementor-2591 elementor-1735\">\n\t\t\t\t\t\t<section class=\"elementor-section elementor-top-section elementor-element elementor-element-7d16357 elementor-section-boxed elementor-section-height-default elementor-section-height-default\" data-id=\"7d16357\" data-element_type=\"section\">\n\t\t\t\t\t\t<div class=\"elementor-container elementor-column-gap-default\">\n\t\t\t\t\t<div class=\"elementor-column elementor-col-100 elementor-top-column elementor-element elementor-element-388779c\" data-id=\"388779c\" data-element_type=\"column\">\n\t\t\t<div class=\"elementor-widget-wrap elementor-element-populated\">\n\t\t\t\t\t\t<div class=\"elementor-element elementor-element-11840ea elementor-widget elementor-widget-heading\" data-id=\"11840ea\" data-element_type=\"widget\" data-widget_type=\"heading.default\">\n\t\t\t\t<div class=\"elementor-widget-container\">\n\t\t\t<h3 class=\"elementor-heading-title elementor-size-default\">1. \u8868\u63da\u6295\u8a34\u6a5f\u5236<\/h3>\t\t<\/div>\n\t\t\t\t<\/div>\n\t\t\t\t<div class=\"elementor-element elementor-element-9239257 elementor-widget elementor-widget-heading\" data-id=\"9239257\" data-element_type=\"widget\" data-widget_type=\"heading.default\">\n\t\t\t\t<div class=\"elementor-widget-container\">\n\t\t\t<h5 class=\"elementor-heading-title elementor-size-default\">1. \u8868\u63da\u6216\u6295\u8a34\u6e20\u9053<\/h5>\t\t<\/div>\n\t\t\t\t<\/div>\n\t\t\t\t<div class=\"elementor-element elementor-element-ae22e68 elementor-widget elementor-widget-text-editor\" data-id=\"ae22e68\" data-element_type=\"widget\" data-widget_type=\"text-editor.default\">\n\t\t\t\t<div class=\"elementor-widget-container\">\n\t\t\t\t\t\t\t<p>\u8868\u63da\u548c\u6295\u8a34\u53ef\u901a\u904e\u4ee5\u4e0b\u6e20\u9053\u8868\u9054\uff0c\u6258\u5152\u6240\u50c5\u5c0d\u6709\u806f\u7e6b\u65b9\u5f0f\u7684\u9032\u884c\u56de\u8986\uff1a<\/p>\t\t\t\t\t\t<\/div>\n\t\t\t\t<\/div>\n\t\t\t\t<div class=\"elementor-element elementor-element-6b0aa1d elementor-icon-list--layout-traditional elementor-list-item-link-full_width elementor-widget elementor-widget-icon-list\" data-id=\"6b0aa1d\" data-element_type=\"widget\" data-widget_type=\"icon-list.default\">\n\t\t\t\t<div class=\"elementor-widget-container\">\n\t\t\t\t\t<ul class=\"elementor-icon-list-items\">\n\t\t\t\t\t\t\t<li class=\"elementor-icon-list-item\">\n\t\t\t\t\t\t\t\t\t\t\t<span class=\"elementor-icon-list-icon\">\n\t\t\t\t\t\t\t<i aria-hidden=\"true\" class=\"fas fa-chevron-right\"><\/i>\t\t\t\t\t\t<\/span>\n\t\t\t\t\t\t\t\t\t\t<span class=\"elementor-icon-list-text\">\u89aa\u81ea\u6216\u9810\u7d04<\/span>\n\t\t\t\t\t\t\t\t\t<\/li>\n\t\t\t\t\t\t\t\t<li class=\"elementor-icon-list-item\">\n\t\t\t\t\t\t\t\t\t\t\t<span class=\"elementor-icon-list-icon\">\n\t\t\t\t\t\t\t<i aria-hidden=\"true\" class=\"fas fa-chevron-right\"><\/i>\t\t\t\t\t\t<\/span>\n\t\t\t\t\t\t\t\t\t\t<span class=\"elementor-icon-list-text\">\u66f8\u9762\u6216\u90f5\u5bc4<\/span>\n\t\t\t\t\t\t\t\t\t<\/li>\n\t\t\t\t\t\t\t\t<li class=\"elementor-icon-list-item\">\n\t\t\t\t\t\t\t\t\t\t\t<span class=\"elementor-icon-list-icon\">\n\t\t\t\t\t\t\t<i aria-hidden=\"true\" class=\"fas fa-chevron-right\"><\/i>\t\t\t\t\t\t<\/span>\n\t\t\t\t\t\t\t\t\t\t<span class=\"elementor-icon-list-text\">\u96fb\u8a71<\/span>\n\t\t\t\t\t\t\t\t\t<\/li>\n\t\t\t\t\t\t\t\t<li class=\"elementor-icon-list-item\">\n\t\t\t\t\t\t\t\t\t\t\t<span class=\"elementor-icon-list-icon\">\n\t\t\t\t\t\t\t<i aria-hidden=\"true\" class=\"fas fa-chevron-right\"><\/i>\t\t\t\t\t\t<\/span>\n\t\t\t\t\t\t\t\t\t\t<span class=\"elementor-icon-list-text\">\u96fb\u5b50\u90f5\u4ef6<\/span>\n\t\t\t\t\t\t\t\t\t<\/li>\n\t\t\t\t\t\t\t\t<li class=\"elementor-icon-list-item\">\n\t\t\t\t\t\t\t\t\t\t\t<span class=\"elementor-icon-list-icon\">\n\t\t\t\t\t\t\t<i aria-hidden=\"true\" class=\"fas fa-chevron-right\"><\/i>\t\t\t\t\t\t<\/span>\n\t\t\t\t\t\t\t\t\t\t<span class=\"elementor-icon-list-text\">\u5efa\u8b70\u7bb1<\/span>\n\t\t\t\t\t\t\t\t\t<\/li>\n\t\t\t\t\t\t\t\t<li class=\"elementor-icon-list-item\">\n\t\t\t\t\t\t\t\t\t\t\t<span class=\"elementor-icon-list-icon\">\n\t\t\t\t\t\t\t<i aria-hidden=\"true\" class=\"fas fa-chevron-right\"><\/i>\t\t\t\t\t\t<\/span>\n\t\t\t\t\t\t\t\t\t\t<span class=\"elementor-icon-list-text\">\u901a\u904e\u8077\u54e1\u8f49\u767c\u7d66\u6258\u5152\u6240\u6240\u9577<\/span>\n\t\t\t\t\t\t\t\t\t<\/li>\n\t\t\t\t\t\t<\/ul>\n\t\t\t\t<\/div>\n\t\t\t\t<\/div>\n\t\t\t\t<div class=\"elementor-element elementor-element-48de9a2 elementor-widget elementor-widget-text-editor\" data-id=\"48de9a2\" data-element_type=\"widget\" data-widget_type=\"text-editor.default\">\n\t\t\t\t<div class=\"elementor-widget-container\">\n\t\t\t\t\t\t\t<p>\u5c0d\u6258\u5152\u6240\u7684\u6295\u8a34\u6216\u5c0d\u6295\u8a34\u8655\u7406\u4e0d\u6eff\u610f\uff0c\u53ef\u5411\u6258\u5152\u6240\u7ba1\u7406\u55ae\u4f4d\u63d0\u51fa\u6295\u8a34\uff0c\u4e26\u7559\u4e0b\u96fb\u8a71\u3001\u5730\u5740\u7b49\u76f8\u95dc\u806f\u7e6b\u65b9\u5f0f\uff0c\u4ee5\u4fbf\u7b54\u8986\u3002<\/p>\t\t\t\t\t\t<\/div>\n\t\t\t\t<\/div>\n\t\t\t\t<div class=\"elementor-element elementor-element-c6b2a87 elementor-widget elementor-widget-heading\" data-id=\"c6b2a87\" data-element_type=\"widget\" data-widget_type=\"heading.default\">\n\t\t\t\t<div class=\"elementor-widget-container\">\n\t\t\t<h5 class=\"elementor-heading-title elementor-size-default\">2. \u8868\u63da\u6216\u6295\u8a34\u8655\u7406<\/h5>\t\t<\/div>\n\t\t\t\t<\/div>\n\t\t\t\t<div class=\"elementor-element elementor-element-a5a3348 elementor-widget elementor-widget-text-editor\" data-id=\"a5a3348\" data-element_type=\"widget\" data-widget_type=\"text-editor.default\">\n\t\t\t\t<div class=\"elementor-widget-container\">\n\t\t\t\t\t\t\t\u6295\u8a34\u4eba\u61c9\u7576\u8a3b\u660e\u8cac\u4efb\u4eba\uff0c\u7531\u6240\u9577\u6216\u8005\u8655\u7406\u8868\u63da\u6216\u6295\u8a34\u7684\u7ba1\u7406\u55ae\u4f4d\u8aaa\u660e\u8655\u7406\u65b9\u5f0f\u548c\u6642\u9650\u3002\t\t\t\t\t\t<\/div>\n\t\t\t\t<\/div>\n\t\t\t\t<div class=\"elementor-element elementor-element-216e011 elementor-icon-list--layout-traditional elementor-list-item-link-full_width elementor-widget elementor-widget-icon-list\" data-id=\"216e011\" data-element_type=\"widget\" data-widget_type=\"icon-list.default\">\n\t\t\t\t<div class=\"elementor-widget-container\">\n\t\t\t\t\t<ul class=\"elementor-icon-list-items\">\n\t\t\t\t\t\t\t<li class=\"elementor-icon-list-item\">\n\t\t\t\t\t\t\t\t\t\t\t<span class=\"elementor-icon-list-icon\">\n\t\t\t\t\t\t\t<i aria-hidden=\"true\" class=\"fas fa-chevron-right\"><\/i>\t\t\t\t\t\t<\/span>\n\t\t\t\t\t\t\t\t\t\t<span class=\"elementor-icon-list-text\">\u89aa\u81ea\u8655\u7406\/\u96fb\u8a71\u6295\u8a34<\/span>\n\t\t\t\t\t\t\t\t\t<\/li>\n\t\t\t\t\t\t<\/ul>\n\t\t\t\t<\/div>\n\t\t\t\t<\/div>\n\t\t\t\t<div class=\"elementor-element elementor-element-22ab77e elementor-widget elementor-widget-text-editor\" data-id=\"22ab77e\" data-element_type=\"widget\" data-widget_type=\"text-editor.default\">\n\t\t\t\t<div class=\"elementor-widget-container\">\n\t\t\t\t\t\t\t\u5b83\u5c07\u7531\u6258\u5152\u6240\u6240\u9577\u76f4\u63a5\u8655\u7406\u3002\u5982\u6240\u9577\u4e0d\u5728\uff0c\u8077\u54e1\u5c07\u8a18\u9304\u5167\u5bb9\u548c\u806f\u7e6b\u65b9\u5f0f\uff0c\u4e26\u5728\u4e03\u500b\u5de5\u4f5c\u65e5\u5167\u63d0\u4ea4\u6240\u9577\u8ddf\u9032\u4e26\u56de\u8986\u3002\t\t\t\t\t\t<\/div>\n\t\t\t\t<\/div>\n\t\t\t\t<div class=\"elementor-element elementor-element-800cef9 elementor-icon-list--layout-traditional elementor-list-item-link-full_width elementor-widget elementor-widget-icon-list\" data-id=\"800cef9\" data-element_type=\"widget\" data-widget_type=\"icon-list.default\">\n\t\t\t\t<div class=\"elementor-widget-container\">\n\t\t\t\t\t<ul class=\"elementor-icon-list-items\">\n\t\t\t\t\t\t\t<li class=\"elementor-icon-list-item\">\n\t\t\t\t\t\t\t\t\t\t\t<span class=\"elementor-icon-list-icon\">\n\t\t\t\t\t\t\t<i aria-hidden=\"true\" class=\"fas fa-chevron-right\"><\/i>\t\t\t\t\t\t<\/span>\n\t\t\t\t\t\t\t\t\t\t<span class=\"elementor-icon-list-text\">\u8655\u7406\u66f8\u9762\/\u96fb\u5b50\u90f5\u4ef6\u6295\u8a34<\/span>\n\t\t\t\t\t\t\t\t\t<\/li>\n\t\t\t\t\t\t<\/ul>\n\t\t\t\t<\/div>\n\t\t\t\t<\/div>\n\t\t\t\t<div class=\"elementor-element elementor-element-fe3d94c elementor-widget elementor-widget-text-editor\" data-id=\"fe3d94c\" data-element_type=\"widget\" data-widget_type=\"text-editor.default\">\n\t\t\t\t<div class=\"elementor-widget-container\">\n\t\t\t\t\t\t\t\u6240\u9577\u6536\u5230\u76f8\u95dc\u4fe1\u51fd\/\u96fb\u90f5\u5f8c\uff0c\u6703\u4e3b\u52d5\u806f\u7d61\u6295\u8a34\u4eba\uff0c\u4e26\u6703\u5728\u4e03\u500b\u5de5\u4f5c\u65e5\u5167\u544a\u77e5\u6295\u8a34\u4eba\u8655\u7406\u500b\u6848\u7684\u60c5\u6cc1\u3002\t\t\t\t\t\t<\/div>\n\t\t\t\t<\/div>\n\t\t\t\t<div class=\"elementor-element elementor-element-c132b60 elementor-icon-list--layout-traditional elementor-list-item-link-full_width elementor-widget elementor-widget-icon-list\" data-id=\"c132b60\" data-element_type=\"widget\" data-widget_type=\"icon-list.default\">\n\t\t\t\t<div class=\"elementor-widget-container\">\n\t\t\t\t\t<ul class=\"elementor-icon-list-items\">\n\t\t\t\t\t\t\t<li class=\"elementor-icon-list-item\">\n\t\t\t\t\t\t\t\t\t\t\t<span class=\"elementor-icon-list-icon\">\n\t\t\t\t\t\t\t<i aria-hidden=\"true\" class=\"fas fa-chevron-right\"><\/i>\t\t\t\t\t\t<\/span>\n\t\t\t\t\t\t\t\t\t\t<span class=\"elementor-icon-list-text\">\u8655\u7406\u533f\u540d\u6295\u8a34<\/span>\n\t\t\t\t\t\t\t\t\t<\/li>\n\t\t\t\t\t\t<\/ul>\n\t\t\t\t<\/div>\n\t\t\t\t<\/div>\n\t\t\t\t<div class=\"elementor-element elementor-element-0462b96 elementor-widget elementor-widget-text-editor\" data-id=\"0462b96\" data-element_type=\"widget\" data-widget_type=\"text-editor.default\">\n\t\t\t\t<div class=\"elementor-widget-container\">\n\t\t\t\t\t\t\t\u9f13\u52f5\u5be6\u540d\u63d0\u51fa\u8868\u63da\u6216\u6295\u8a34\uff0c\u65b9\u4fbf\u5f8c\u7e8c\u8655\u7406\u3002\u82e5\u533f\u540d\u63d0\u51fa\uff0c\u6240\u9577\u5c07\u6839\u64da\u76f8\u95dc\u4e8b\u4ef6\u8655\u7406\u3002\t\t\t\t\t\t<\/div>\n\t\t\t\t<\/div>\n\t\t\t\t\t<\/div>\n\t\t<\/div>\n\t\t\t\t\t<\/div>\n\t\t<\/section>\n\t\t\t\t<section class=\"elementor-section elementor-top-section elementor-element elementor-element-b8d4b4a elementor-section-boxed elementor-section-height-default elementor-section-height-default\" data-id=\"b8d4b4a\" data-element_type=\"section\">\n\t\t\t\t\t\t<div class=\"elementor-container elementor-column-gap-default\">\n\t\t\t\t\t<div class=\"elementor-column elementor-col-50 elementor-top-column elementor-element elementor-element-b5b0513\" data-id=\"b5b0513\" data-element_type=\"column\">\n\t\t\t<div class=\"elementor-widget-wrap elementor-element-populated\">\n\t\t\t\t\t\t<div class=\"elementor-element elementor-element-b6c66f0 elementor-widget elementor-widget-heading\" data-id=\"b6c66f0\" data-element_type=\"widget\" data-widget_type=\"heading.default\">\n\t\t\t\t<div class=\"elementor-widget-container\">\n\t\t\t<h3 class=\"elementor-heading-title elementor-size-default\">\u6258\u5152\u6240\u806f\u7d61\u8cc7\u8a0a<\/h3>\t\t<\/div>\n\t\t\t\t<\/div>\n\t\t\t\t<div class=\"elementor-element elementor-element-ecd4981 elementor-widget elementor-widget-html\" data-id=\"ecd4981\" data-element_type=\"widget\" data-widget_type=\"html.default\">\n\t\t\t\t<div class=\"elementor-widget-container\">\n\t\t\t<style>\n    table.listings {\n       width: 100%;\n       margin: 0;\n    }\n    table.listings td {\n        margin: 0;\n        padding: 10px;\n        width: 50%;\n    }\n    table.listings tr:nth-child(even) td {\n        background-color: #f7f7f7;\n    }\n    table.listings tr:nth-child(odd) td {\n        background-color: #ededed;\n    }\n    table.listings tr td:nth-child(even) {\n        text-align: right;\n    }\n<\/style>\n<table class=\"listings\" cellspacing=\"0\">\n    <tbody><tr class=\"listings-header\">\n        <td>\u96fb\u8a71:<\/td>\n        <td>+853 2872 7328<\/td>\n    <\/tr>\n    <tr>\n        <td>\u50b3\u771f:<\/td>\n        <td>+853 2872 7382<\/td>\n    <\/tr>\n    <tr>\n        <td>\u89aa\u81ea\/\u90f5\u5bc4\u5730\u5740:<\/td>\n        <td>\u502b\u6566\u885716\u865f\u74b0\u5b87\u8c6a\u5eadPR\/C<\/td>\n    <\/tr>\n    <tr>\n        <td>\u96fb\u90f5:<\/td>\n        <td>info@cisjmacau.com<\/td>\n    <\/tr>\n    <tr>\n        <td>\u7db2\u9801:<\/td>\n        <td>https:\/\/cisjmacau.com<\/td>\n    <\/tr>\n    <tr>\n        <td>\u806f\u7d61\u4eba:<\/td>\n        <td>\u6258\u5152\u6240\u6240\u9577<\/td>\n    <\/tr>\n<\/tbody><\/table>\t\t<\/div>\n\t\t\t\t<\/div>\n\t\t\t\t\t<\/div>\n\t\t<\/div>\n\t\t\t\t<div class=\"elementor-column elementor-col-50 elementor-top-column elementor-element elementor-element-5ff943a\" data-id=\"5ff943a\" data-element_type=\"column\">\n\t\t\t<div class=\"elementor-widget-wrap elementor-element-populated\">\n\t\t\t\t\t\t<div class=\"elementor-element elementor-element-06b0f80 elementor-widget elementor-widget-heading\" data-id=\"06b0f80\" data-element_type=\"widget\" data-widget_type=\"heading.default\">\n\t\t\t\t<div class=\"elementor-widget-container\">\n\t\t\t<h3 class=\"elementor-heading-title elementor-size-default\">\u724c\u7167\u806f\u7d61\u4eba\u8cc7\u8a0a<\/h3>\t\t<\/div>\n\t\t\t\t<\/div>\n\t\t\t\t<div class=\"elementor-element elementor-element-b62b1ff elementor-widget elementor-widget-html\" data-id=\"b62b1ff\" data-element_type=\"widget\" data-widget_type=\"html.default\">\n\t\t\t\t<div class=\"elementor-widget-container\">\n\t\t\t<style>\n    table.listings {\n       width: 100%;\n       margin: 0;\n    }\n    table.listings td {\n        margin: 0;\n        padding: 10px;\n        width: 50%;\n    }\n    table.listings tr:nth-child(even) td {\n        background-color: #ffffff;\n    }\n    table.listings tr:nth-child(odd) td {\n        background-color: #ededed;\n    }\n    table.listings tr td:nth-child(even) {\n        text-align: right;\n    }\n<\/style>\n<table class=\"listings\" cellspacing=\"0\">\n    <tbody><tr class=\"listings-header\">\n        <td>\u96fb\u90f5:<\/td>\n        <td>+853 8592 5600<\/td>\n    <\/tr>\n    <tr>\n        <td>\u50b3\u771f:<\/td>\n        <td>+853 2872 5517<\/td>\n    <\/tr>\n    <tr>\n        <td>\u89aa\u81ea\/\u90f5\u5bc4\u5730\u5740:<\/td>\n        <td>\u4e2d\u570b\u6fb3\u9580\u9752\u6d32\u6cb3\u908a\u99ac\u8def14-17\u865f<\/td>\n    <\/tr>\n    <tr>\n        <td>\u96fb\u90f5:<\/td>\n        <td>info@usj.edu.mo<\/td>\n    <\/tr>\n    <tr>\n        <td>\u7db2\u7ad9:<\/td>\n        <td>https:\/\/www.usj.edu.mo<\/td>\n    <\/tr>\n    <tr>\n        <td>\u806f\u7d61\u4eba:<\/td>\n        <td>Funda\u00e7\u00e3o cat\u00f3lica de Ensino Superior Universit\u00e1rio<\/td>\n    <\/tr>\n<\/tbody><\/table>\t\t<\/div>\n\t\t\t\t<\/div>\n\t\t\t\t\t<\/div>\n\t\t<\/div>\n\t\t\t\t\t<\/div>\n\t\t<\/section>\n\t\t\t\t<\/div>\n\t\t","protected":false},"excerpt":{"rendered":"<p>1. \u8868\u63da\u6295\u8a34\u6a5f\u5236 1. \u8868\u63da\u6216\u6295\u8a34\u6e20\u9053 \u8868\u63da\u548c\u6295\u8a34\u53ef\u901a\u904e\u4ee5\u4e0b\u6e20\u9053\u8868\u9054\uff0c\u6258\u5152\u6240\u50c5\u5c0d\u6709\u806f\u7e6b\u65b9\u5f0f\u7684\u9032\u884c\u56de\u8986\uff1a \u89aa\u81ea<span class=\"excerpt-more\"> <a href=\"https:\/\/cisjmacau.com\/zh-hant\/%e6%89%98%e5%85%92%e6%89%80\/%e8%a1%a8%e6%8f%9a%e6%88%96%e6%8a%95%e8%a8%b4\/\" title=\"Continue reading post &quot;\u8868\u63da\u6216\u6295\u8a34&quot;\">[&#8230;]<\/a><\/span><\/p>\n","protected":false},"author":1,"featured_media":0,"parent":2582,"menu_order":8,"comment_status":"closed","ping_status":"closed","template":"main.php","meta":{"footnotes":""},"class_list":["post-2591","page","type-page","status-publish","hentry"],"_links":{"self":[{"href":"https:\/\/cisjmacau.com\/zh-hant\/wp-json\/wp\/v2\/pages\/2591","targetHints":{"allow":["GET"]}}],"collection":[{"href":"https:\/\/cisjmacau.com\/zh-hant\/wp-json\/wp\/v2\/pages"}],"about":[{"href":"https:\/\/cisjmacau.com\/zh-hant\/wp-json\/wp\/v2\/types\/page"}],"author":[{"embeddable":true,"href":"https:\/\/cisjmacau.com\/zh-hant\/wp-json\/wp\/v2\/users\/1"}],"replies":[{"embeddable":true,"href":"https:\/\/cisjmacau.com\/zh-hant\/wp-json\/wp\/v2\/comments?post=2591"}],"version-history":[{"count":0,"href":"https:\/\/cisjmacau.com\/zh-hant\/wp-json\/wp\/v2\/pages\/2591\/revisions"}],"up":[{"embeddable":true,"href":"https:\/\/cisjmacau.com\/zh-hant\/wp-json\/wp\/v2\/pages\/2582"}],"wp:attachment":[{"href":"https:\/\/cisjmacau.com\/zh-hant\/wp-json\/wp\/v2\/media?parent=2591"}],"curies":[{"name":"wp","href":"https:\/\/api.w.org\/{rel}","templated":true}]}}